{"id":198,"date":"2018-03-10T14:45:03","date_gmt":"2018-03-10T13:45:03","guid":{"rendered":"http:\/\/breuer-team.com\/?page_id=198"},"modified":"2018-04-15T12:24:04","modified_gmt":"2018-04-15T10:24:04","slug":"gerichte","status":"publish","type":"page","link":"https:\/\/breuer-team.com\/en\/ueber-uns\/kunden\/gerichte\/","title":{"rendered":"Courts \/ Judical Districts"},"content":{"rendered":"<div class=\"post-entry\">\n<p>The following judicial districts \/ courts mandate our offices:<\/p>\n<p><strong>District courts:<\/strong><\/p>\n<ul>\n<li>District Court Munich I (Landgericht M\u00fcnchen I)<\/li>\n<li>District Court Munich II (Landgericht M\u00fcnchen II)<\/li>\n<\/ul>\n<p><strong>Local courts:<\/strong><\/p>\n<ul>\n<li>Local Court Colone (Amtsgericht K\u00f6ln)<\/li>\n<li>Local Court Munich (Amtsgericht M\u00fcnchen)<\/li>\n<li>Local Court Rosenheim (Amtsgericht Rosenheim)<\/li>\n<li>Local Court Pfaffenhofen (Amtsgericht Pfaffenhofen)<\/li>\n<li>Local Court Ingolstadt (Amtsgericht Ingolstadt)<\/li>\n<li>Local Court Montabaur (Amtsgericht Montabaur)<\/li>\n<li>Local Court Dachau (Amtsgericht Dachau)<\/li>\n<li>Local Court Miesbach (Amtsgericht Miesbach)<\/li>\n<li>Local Court Erding (Amtsgericht Erding)<\/li>\n<li>Local Court Wei\u00dfenburg (Amtsgericht Wei\u00dfenburg)<\/li>\n<\/ul>\n<\/div>","protected":false},"excerpt":{"rendered":"<p>The following judicial districts \/ courts mandate our offices: District courts: District Court Munich I (Landgericht M\u00fcnchen I) District Court Munich II (Landgericht M\u00fcnchen II) Local courts: Local Court Colone (Amtsgericht K\u00f6ln) Local Court Munich (Amtsgericht M\u00fcnchen) Local Court Rosenheim (Amtsgericht Rosenheim) Local Court Pfaffenhofen (Amtsgericht Pfaffenhofen) Local Court Ingolstadt (Amtsgericht Ingolstadt) Local Court Montabaur (Amtsgericht Montabaur) Local Court Dachau (Amtsgericht Dachau) Local Court Miesbach (Amtsgericht Miesbach) Local Court Erding (Amtsgericht Erding) Local Court Wei\u00dfenburg (Amtsgericht Wei\u00dfenburg)<\/p>\n","protected":false},"author":1,"featured_media":0,"parent":194,"menu_order":2,"comment_status":"closed","ping_status":"closed","template":"","meta":[],"_links":{"self":[{"href":"https:\/\/breuer-team.com\/en\/wp-json\/wp\/v2\/pages\/198"}],"collection":[{"href":"https:\/\/breuer-team.com\/en\/wp-json\/wp\/v2\/pages"}],"about":[{"href":"https:\/\/breuer-team.com\/en\/wp-json\/wp\/v2\/types\/page"}],"author":[{"embeddable":true,"href":"https:\/\/breuer-team.com\/en\/wp-json\/wp\/v2\/users\/1"}],"replies":[{"embeddable":true,"href":"https:\/\/breuer-team.com\/en\/wp-json\/wp\/v2\/comments?post=198"}],"version-history":[{"count":4,"href":"https:\/\/breuer-team.com\/en\/wp-json\/wp\/v2\/pages\/198\/revisions"}],"predecessor-version":[{"id":475,"href":"https:\/\/breuer-team.com\/en\/wp-json\/wp\/v2\/pages\/198\/revisions\/475"}],"up":[{"embeddable":true,"href":"https:\/\/breuer-team.com\/en\/wp-json\/wp\/v2\/pages\/194"}],"wp:attachment":[{"href":"https:\/\/breuer-team.com\/en\/wp-json\/wp\/v2\/media?parent=198"}],"curies":[{"name":"wp","href":"https:\/\/api.w.org\/{rel}","templated":true}]}}