{"id":171,"date":"2018-03-10T14:12:21","date_gmt":"2018-03-10T13:12:21","guid":{"rendered":"http:\/\/breuer-team.com\/?page_id=171"},"modified":"2018-03-10T14:12:21","modified_gmt":"2018-03-10T13:12:21","slug":"moderation","status":"publish","type":"page","link":"https:\/\/breuer-team.com\/en\/moderation\/","title":{"rendered":"Moderation"},"content":{"rendered":"<p>Moderierte Verhandlungen oder Workshops f\u00fchren in der Regel schneller zu Ergebnissen in vern\u00fcnftiger Weise. Es liegen langj\u00e4hrige, umfangreiche praktische Erfahrungen aus dem Berufsleben, aus Steering Commitees und als Dozent f\u00fcr Verhandlungstechnik vor. Basis daf\u00fcr waren Ausbildung an Seminarzentren zu Verhandlungstechniken, Teilnahme an Veranstaltungen des Schranner Negotiations Instituts sowie Moderationstrainings und technisches Verst\u00e4ndnis. Wir moderieren Verhandlungen und Workshops auch im internationalen Umfeld.<\/p>\n","protected":false},"excerpt":{"rendered":"<p>Moderierte Verhandlungen oder Workshops f\u00fchren in der Regel schneller zu Ergebnissen in vern\u00fcnftiger Weise. Es liegen langj\u00e4hrige, umfangreiche praktische Erfahrungen aus dem Berufsleben, aus Steering Commitees und als Dozent f\u00fcr Verhandlungstechnik vor. Basis daf\u00fcr waren Ausbildung an Seminarzentren zu Verhandlungstechniken, Teilnahme an Veranstaltungen des Schranner Negotiations Instituts sowie Moderationstrainings und technisches Verst\u00e4ndnis. Wir moderieren Verhandlungen und Workshops auch im internationalen Umfeld.<\/p>\n","protected":false},"author":1,"featured_media":0,"parent":0,"menu_order":5,"comment_status":"closed","ping_status":"closed","template":"","meta":[],"_links":{"self":[{"href":"https:\/\/breuer-team.com\/en\/wp-json\/wp\/v2\/pages\/171"}],"collection":[{"href":"https:\/\/breuer-team.com\/en\/wp-json\/wp\/v2\/pages"}],"about":[{"href":"https:\/\/breuer-team.com\/en\/wp-json\/wp\/v2\/types\/page"}],"author":[{"embeddable":true,"href":"https:\/\/breuer-team.com\/en\/wp-json\/wp\/v2\/users\/1"}],"replies":[{"embeddable":true,"href":"https:\/\/breuer-team.com\/en\/wp-json\/wp\/v2\/comments?post=171"}],"version-history":[{"count":1,"href":"https:\/\/breuer-team.com\/en\/wp-json\/wp\/v2\/pages\/171\/revisions"}],"predecessor-version":[{"id":173,"href":"https:\/\/breuer-team.com\/en\/wp-json\/wp\/v2\/pages\/171\/revisions\/173"}],"wp:attachment":[{"href":"https:\/\/breuer-team.com\/en\/wp-json\/wp\/v2\/media?parent=171"}],"curies":[{"name":"wp","href":"https:\/\/api.w.org\/{rel}","templated":true}]}}